{"id":61,"date":"2025-01-08T08:21:12","date_gmt":"2025-01-08T07:21:12","guid":{"rendered":"https:\/\/aspitweb.dk\/?page_id=61"},"modified":"2025-01-08T08:24:07","modified_gmt":"2025-01-08T07:24:07","slug":"it-teknik-modul-2-emner","status":"publish","type":"page","link":"https:\/\/aspitweb.dk\/?page_id=61","title":{"rendered":"IT-teknik \u2013 modul 2 \u2013 emner"},"content":{"rendered":"\n<p><em>Der arbejdes med f\u00f8lgende emner p\u00e5 modulet:<\/em><\/p>\n\n\n\n<p>ADDS &#8211; Active Directory Domain Services<\/p>\n\n\n\n<p>ADDS &#8211; Filstruktur og rettigheder<\/p>\n\n\n\n<p>ADDS &#8211; Group Policy Objects \u2013 GPO<\/p>\n\n\n\n<p>ADDS &#8211; Organizational Units<\/p>\n\n\n\n<p>Case \u2013 Askolen<\/p>\n\n\n\n<p>Deling af tjenester<\/p>\n\n\n\n<p>DHCP<\/p>\n\n\n\n<p>DNS<\/p>\n\n\n\n<p>Grundl\u00e6ggende IP<\/p>\n\n\n\n<p>Grundl\u00e6ggende netv\u00e6rk<\/p>\n\n\n\n<p>Linux Server<\/p>\n\n\n\n<p>Mail-server<\/p>\n\n\n\n<p>Netv\u00e6rk &#8211; Hub, switch og router<\/p>\n\n\n\n<p>Netv\u00e6rk \u2013 Kabler<\/p>\n\n\n\n<p>Netv\u00e6rk \u2013 WiFi<\/p>\n\n\n\n<p>Netv\u00e6rksprotokoller<\/p>\n\n\n\n<p>PowerShell og scripts<\/p>\n\n\n\n<p>Router og RAS<\/p>\n\n\n\n<p>Server-HW \u2013 CPU<\/p>\n\n\n\n<p>Server-HW \u2013 RAM<\/p>\n\n\n\n<p>Server-HW \u2013 Storage<\/p>\n\n\n\n<p>Windows Server<\/p>\n","protected":false},"excerpt":{"rendered":"<p>Der arbejdes med f\u00f8lgende emner p\u00e5 modulet: ADDS &#8211; Active Directory Domain Services ADDS &#8211; Filstruktur og rettigheder ADDS &#8211; Group Policy Objects \u2013 GPO ADDS &#8211; Organizational Units Case \u2013 Askolen Deling af tjenester DHCP DNS Grundl\u00e6ggende IP Grundl\u00e6ggende netv\u00e6rk Linux Server Mail-server Netv\u00e6rk &#8211; Hub, switch og router Netv\u00e6rk \u2013 Kabler Netv\u00e6rk \u2013 [&hellip;]<\/p>\n","protected":false},"author":1,"featured_media":0,"parent":49,"menu_order":0,"comment_status":"closed","ping_status":"closed","template":"","meta":{"footnotes":""},"class_list":["post-61","page","type-page","status-publish","hentry","wpbf-post"],"_links":{"self":[{"href":"https:\/\/aspitweb.dk\/index.php?rest_route=\/wp\/v2\/pages\/61","targetHints":{"allow":["GET"]}}],"collection":[{"href":"https:\/\/aspitweb.dk\/index.php?rest_route=\/wp\/v2\/pages"}],"about":[{"href":"https:\/\/aspitweb.dk\/index.php?rest_route=\/wp\/v2\/types\/page"}],"author":[{"embeddable":true,"href":"https:\/\/aspitweb.dk\/index.php?rest_route=\/wp\/v2\/users\/1"}],"replies":[{"embeddable":true,"href":"https:\/\/aspitweb.dk\/index.php?rest_route=%2Fwp%2Fv2%2Fcomments&post=61"}],"version-history":[{"count":1,"href":"https:\/\/aspitweb.dk\/index.php?rest_route=\/wp\/v2\/pages\/61\/revisions"}],"predecessor-version":[{"id":62,"href":"https:\/\/aspitweb.dk\/index.php?rest_route=\/wp\/v2\/pages\/61\/revisions\/62"}],"up":[{"embeddable":true,"href":"https:\/\/aspitweb.dk\/index.php?rest_route=\/wp\/v2\/pages\/49"}],"wp:attachment":[{"href":"https:\/\/aspitweb.dk\/index.php?rest_route=%2Fwp%2Fv2%2Fmedia&parent=61"}],"curies":[{"name":"wp","href":"https:\/\/api.w.org\/{rel}","templated":true}]}}